{"id":719,"date":"2018-04-05T11:40:22","date_gmt":"2018-04-05T11:40:22","guid":{"rendered":"http:\/\/creedence.edge-themes.com\/?page_id=719"},"modified":"2026-03-16T11:32:50","modified_gmt":"2026-03-16T11:32:50","slug":"o-mnie","status":"publish","type":"page","link":"https:\/\/flow-audio.eu\/en\/","title":{"rendered":"O mnie"},"content":{"rendered":"<section class=\"wpb-content-wrapper\"><div class=\"edge-row-grid-section-wrapper edge-parallax-row-holder\" data-parallax-bg-image=\"https:\/\/flow-audio.eu\/wp-content\/uploads\/2026\/03\/MIC-2.jpg\" data-parallax-bg-speed=\"1\" ><div class=\"edge-row-grid-section\"><div class=\"vc_row wpb_row vc_row-fluid vc_custom_1773660771571 vc_row-o-content-middle vc_row-flex\" ><div class=\"wpb_column vc_column_container vc_col-sm-12 vc_col-lg-offset-6 vc_col-lg-6 vc_col-md-offset-3 vc_col-md-9 vc_col-sm-offset-0\"><div class=\"vc_column-inner\"><div class=\"wpb_wrapper\"><div class=\"edge-elements-holder   edge-one-column  edge-responsive-mode-768\" ><div class=\"edge-eh-item\"  data-item-class=\"edge-eh-custom-6672\" data-1366-1600=\"182px 0px\" data-1024-1366=\"130px 0px\" data-768-1024=\"122px 0px\" data-680-768=\"42% 20% 42% 0px\" data-680=\"24px 0px\">\n\t<div class=\"edge-eh-item-inner\">\n\t\t<div class=\"edge-eh-item-content edge-eh-custom-6672\" style=\"padding: 250px 0px\">\n\t\t\t\n\t<div class=\"wpb_text_column wpb_content_element\" >\n\t\t<div class=\"wpb_wrapper\">\n\t\t\t\n\t\t<\/div>\n\t<\/div>\n\t\t<\/div>\n\t<\/div>\n<\/div><\/div><\/div><\/div><\/div><\/div><\/div><\/div><div class=\"edge-row-grid-section-wrapper\"  ><div class=\"edge-row-grid-section\"><div class=\"vc_row wpb_row vc_row-fluid main-row vc_custom_1772564806307 vc_column-gap-15 vc_row-o-equal-height vc_row-o-content-bottom vc_row-flex\" ><div class=\"wpb_column vc_column_container vc_col-sm-12 vc_col-lg-6 vc_col-md-12\"><div class=\"vc_column-inner\"><div class=\"wpb_wrapper\"><div class=\"edge-elements-holder   edge-one-column  edge-responsive-mode-768\" ><div class=\"edge-eh-item  edge-vertical-alignment-top\"  data-item-class=\"edge-eh-custom-4845\" data-1366-1600=\"0px 14% 0px 0px\" data-1024-1366=\"0px 4% 0px 0px\" data-768-1024=\"0px\" data-680-768=\"0px\" data-680=\"0px\">\n\t<div class=\"edge-eh-item-inner\">\n\t\t<div class=\"edge-eh-item-content edge-eh-custom-4845\" style=\"padding: 0px 0px 0px 0px\">\n\t\t\t\n\t<div class=\"wpb_text_column wpb_content_element\" >\n\t\t<div class=\"wpb_wrapper\">\n\t\t\t<h3>Hi,<\/h3>\n\n\t\t<\/div>\n\t<\/div>\n<div class=\"vc_empty_space\"   style=\"height: 14px\"><span class=\"vc_empty_space_inner\"><\/span><\/div>\n\t<div class=\"wpb_text_column wpb_content_element\" >\n\t\t<div class=\"wpb_wrapper\">\n\t\t\t<div>I'm <span class=\"il\">\u0141ukasz<\/span> - a freelance musician and sound designer with a thing for sounds that don't quite fit the mold. My background spans Music Technology at City and Islington College in London and jazz piano at the Fryderyk Chopin State Music School in Warsaw. That mix of sound engineering and organic instrument playing, combined with an insatiable appetite for sonic experimentation is pretty much the foundation of everything I do - blending genres, bending rules, and building something that sounds like nothing else.<\/div>\n\n\t\t<\/div>\n\t<\/div>\n<div class=\"vc_empty_space\"   style=\"height: 17px\"><span class=\"vc_empty_space_inner\"><\/span><\/div>\n\t<div class=\"wpb_text_column wpb_content_element\" >\n\t\t<div class=\"wpb_wrapper\">\n\t\t\t<p>I work with musicians, visual artists, animators, film and video game creators to craft custom music and sound design. If you've got a project that needs a strong sonic identity, I'd love to hear what you're working on.<\/p>\n\n\t\t<\/div>\n\t<\/div>\n<div class=\"vc_empty_space\"   style=\"height: 17px\"><span class=\"vc_empty_space_inner\"><\/span><\/div>\t\t<\/div>\n\t<\/div>\n<\/div><\/div><\/div><\/div><\/div><div class=\"wpb_column vc_column_container vc_col-sm-12 vc_col-lg-6 vc_col-md-12\"><div class=\"vc_column-inner\"><div class=\"wpb_wrapper\"><div class=\"edge-elements-holder   edge-one-column  edge-responsive-mode-768\" ><div class=\"edge-eh-item\"  data-item-class=\"edge-eh-custom-3133\" data-1366-1600=\"0px 0px 0px 50px\" data-1024-1366=\"0px 0px 0px 0px\" data-768-1024=\"0px 0px 0px 0px\" data-680-768=\"0px 0px 0px 0px\" data-680=\"0px 0px 0px 0px\">\n\t<div class=\"edge-eh-item-inner\">\n\t\t<div class=\"edge-eh-item-content edge-eh-custom-3133\" style=\"padding: 0px 0px 0px 0px\">\n\t\t\t\n\t<div  class=\"wpb_single_image wpb_content_element vc_align_left\">\n\t\t\n\t\t<figure class=\"wpb_wrapper vc_figure\">\n\t\t\t<div class=\"vc_single_image-wrapper   vc_box_border_grey\"><img loading=\"lazy\" decoding=\"async\" width=\"855\" height=\"896\" src=\"https:\/\/flow-audio.eu\/wp-content\/uploads\/2026\/02\/lukasz_kwiatek.jpg\" class=\"vc_single_image-img attachment-full\" alt=\"\" title=\"\u0142ukasz_kwiatek\" srcset=\"https:\/\/flow-audio.eu\/wp-content\/uploads\/2026\/02\/lukasz_kwiatek.jpg 855w, https:\/\/flow-audio.eu\/wp-content\/uploads\/2026\/02\/lukasz_kwiatek-600x629.jpg 600w, https:\/\/flow-audio.eu\/wp-content\/uploads\/2026\/02\/lukasz_kwiatek-286x300.jpg 286w, https:\/\/flow-audio.eu\/wp-content\/uploads\/2026\/02\/lukasz_kwiatek-768x805.jpg 768w\" sizes=\"auto, (max-width: 855px) 100vw, 855px\" \/><\/div>\n\t\t<\/figure>\n\t<\/div>\n\t\t<\/div>\n\t<\/div>\n<\/div><\/div><\/div><\/div><\/div><\/div><\/div><\/div>\n<\/section>","protected":false},"excerpt":{"rendered":"Cze\u015b\u0107, tu \u0141ukasz - muzyk i sound designer z zami\u0142owaniem do d\u017awi\u0119k\u00f3w, kt\u00f3re nie wpisuj\u0105 si\u0119 w \u017caden schemat. Studiowa\u0142em technologi\u0119 muzyczn\u0105 w City and Islington College w Londynie oraz fortepian jazzowy w Pa\u0144stwowej Szkole Muzycznej im. Fryderyka Chopina w [...]","protected":false},"author":1,"featured_media":0,"parent":0,"menu_order":1,"comment_status":"closed","ping_status":"closed","template":"full-width.php","meta":{"footnotes":""},"class_list":["post-719","page","type-page","status-publish","hentry"],"_hostinger_reach_plugin_has_subscription_block":false,"_hostinger_reach_plugin_is_elementor":false,"_links":{"self":[{"href":"https:\/\/flow-audio.eu\/en\/wp-json\/wp\/v2\/pages\/719","targetHints":{"allow":["GET"]}}],"collection":[{"href":"https:\/\/flow-audio.eu\/en\/wp-json\/wp\/v2\/pages"}],"about":[{"href":"https:\/\/flow-audio.eu\/en\/wp-json\/wp\/v2\/types\/page"}],"author":[{"embeddable":true,"href":"https:\/\/flow-audio.eu\/en\/wp-json\/wp\/v2\/users\/1"}],"replies":[{"embeddable":true,"href":"https:\/\/flow-audio.eu\/en\/wp-json\/wp\/v2\/comments?post=719"}],"version-history":[{"count":73,"href":"https:\/\/flow-audio.eu\/en\/wp-json\/wp\/v2\/pages\/719\/revisions"}],"predecessor-version":[{"id":3831,"href":"https:\/\/flow-audio.eu\/en\/wp-json\/wp\/v2\/pages\/719\/revisions\/3831"}],"wp:attachment":[{"href":"https:\/\/flow-audio.eu\/en\/wp-json\/wp\/v2\/media?parent=719"}],"curies":[{"name":"wp","href":"https:\/\/api.w.org\/{rel}","templated":true}]}}