{"id":3647,"date":"2026-02-25T13:55:56","date_gmt":"2026-02-25T13:55:56","guid":{"rendered":"https:\/\/flow-audio.eu\/?page_id=3647"},"modified":"2026-03-03T19:01:59","modified_gmt":"2026-03-03T19:01:59","slug":"co-robie","status":"publish","type":"page","link":"https:\/\/flow-audio.eu\/en\/co-robie\/","title":{"rendered":"Co robi\u0119"},"content":{"rendered":"<section class=\"wpb-content-wrapper\"><div id=\"row-co-robie\" class=\"vc_row wpb_row vc_row-fluid vc_row-o-content-top vc_row-flex\" ><div class=\"wpb_column vc_column_container vc_col-sm-12\"><div class=\"vc_column-inner\"><div class=\"wpb_wrapper\">\n\t<div class=\"wpb_text_column wpb_content_element\" >\n\t\t<div class=\"wpb_wrapper\">\n\t\t\t<ul>\n<li>Music composition and sound design for film, video games, and applications<\/li>\n<li>Editing and processing of vocal and instrumental tracks<\/li>\n<li>Recording instrumental parts for your tracks<\/li>\n<li>Audio restoration<\/li>\n<\/ul>\n\n\t\t<\/div>\n\t<\/div>\n<\/div><\/div><\/div><\/div>\n<\/section>","protected":false},"excerpt":{"rendered":"Kompozycja muzyki i projektowanie d\u017awi\u0119ku do filmu, gier wideo i aplikacji Obr\u00f3bka \u015bcie\u017cek wokalnych i instrumentalnych Dogrywanie partii instrumentalnych do Twoich utwor\u00f3w Restauracja nagra\u0144 d\u017awi\u0119kowych","protected":false},"author":1,"featured_media":0,"parent":0,"menu_order":0,"comment_status":"closed","ping_status":"closed","template":"","meta":{"footnotes":""},"class_list":["post-3647","page","type-page","status-publish","hentry"],"_hostinger_reach_plugin_has_subscription_block":false,"_hostinger_reach_plugin_is_elementor":false,"_links":{"self":[{"href":"https:\/\/flow-audio.eu\/en\/wp-json\/wp\/v2\/pages\/3647","targetHints":{"allow":["GET"]}}],"collection":[{"href":"https:\/\/flow-audio.eu\/en\/wp-json\/wp\/v2\/pages"}],"about":[{"href":"https:\/\/flow-audio.eu\/en\/wp-json\/wp\/v2\/types\/page"}],"author":[{"embeddable":true,"href":"https:\/\/flow-audio.eu\/en\/wp-json\/wp\/v2\/users\/1"}],"replies":[{"embeddable":true,"href":"https:\/\/flow-audio.eu\/en\/wp-json\/wp\/v2\/comments?post=3647"}],"version-history":[{"count":9,"href":"https:\/\/flow-audio.eu\/en\/wp-json\/wp\/v2\/pages\/3647\/revisions"}],"predecessor-version":[{"id":3778,"href":"https:\/\/flow-audio.eu\/en\/wp-json\/wp\/v2\/pages\/3647\/revisions\/3778"}],"wp:attachment":[{"href":"https:\/\/flow-audio.eu\/en\/wp-json\/wp\/v2\/media?parent=3647"}],"curies":[{"name":"wp","href":"https:\/\/api.w.org\/{rel}","templated":true}]}}